{"id":41,"date":"2021-12-02T16:56:31","date_gmt":"2021-12-02T16:56:31","guid":{"rendered":"http:\/\/cologneloversclub.de\/?page_id=41"},"modified":"2021-12-22T18:47:03","modified_gmt":"2021-12-22T18:47:03","slug":"home","status":"publish","type":"page","link":"https:\/\/cologneloversclub.de\/","title":{"rendered":""},"content":{"rendered":"\n<figure class=\"wp-block-image alignfull size-large is-style-default\"><img loading=\"lazy\" width=\"1024\" height=\"614\" src=\"http:\/\/cologneloversclub.de\/wp-content\/uploads\/2021\/12\/clc_website_slider_home_04-1024x614.jpg\" alt=\"\" class=\"wp-image-133\" srcset=\"https:\/\/cologneloversclub.de\/wp-content\/uploads\/2021\/12\/clc_website_slider_home_04-1024x614.jpg 1024w, https:\/\/cologneloversclub.de\/wp-content\/uploads\/2021\/12\/clc_website_slider_home_04-300x180.jpg 300w, https:\/\/cologneloversclub.de\/wp-content\/uploads\/2021\/12\/clc_website_slider_home_04-768x461.jpg 768w, https:\/\/cologneloversclub.de\/wp-content\/uploads\/2021\/12\/clc_website_slider_home_04-1536x922.jpg 1536w, https:\/\/cologneloversclub.de\/wp-content\/uploads\/2021\/12\/clc_website_slider_home_04-1568x941.jpg 1568w, https:\/\/cologneloversclub.de\/wp-content\/uploads\/2021\/12\/clc_website_slider_home_04.jpg 2000w\" sizes=\"(max-width: 1024px) 100vw, 1024px\" \/><\/figure>\n\n\n\n<div style=\"height:60px\" aria-hidden=\"true\" class=\"wp-block-spacer\"><\/div>\n\n\n\n<p class=\"has-text-align-center\"><strong>&#8211; Wenn mer nit dat h\u00e4t wat mer j\u00e4n h\u00e4tt, muss mer dat j\u00e4n han, wat mer h\u00e4tt! &#8211;<\/strong><\/p>\n\n\n\n<div style=\"height:60px\" aria-hidden=\"true\" class=\"wp-block-spacer\"><\/div>\n\n\n\n<div style=\"height:60px\" aria-hidden=\"true\" class=\"wp-block-spacer\"><\/div>\n\n\n\n<figure class=\"wp-block-gallery alignwide columns-5 is-cropped\"><ul class=\"blocks-gallery-grid\"><li class=\"blocks-gallery-item\"><figure><img loading=\"lazy\" width=\"965\" height=\"1024\" src=\"http:\/\/cologneloversclub.de\/wp-content\/uploads\/2021\/12\/front-premium-shirt-f8f8f8-1116x-965x1024.png\" alt=\"\" data-id=\"58\" data-full-url=\"http:\/\/cologneloversclub.de\/wp-content\/uploads\/2021\/12\/front-premium-shirt-f8f8f8-1116x.png\" data-link=\"http:\/\/cologneloversclub.de\/?attachment_id=58\" class=\"wp-image-58\" srcset=\"https:\/\/cologneloversclub.de\/wp-content\/uploads\/2021\/12\/front-premium-shirt-f8f8f8-1116x-965x1024.png 965w, https:\/\/cologneloversclub.de\/wp-content\/uploads\/2021\/12\/front-premium-shirt-f8f8f8-1116x-283x300.png 283w, https:\/\/cologneloversclub.de\/wp-content\/uploads\/2021\/12\/front-premium-shirt-f8f8f8-1116x-768x815.png 768w, https:\/\/cologneloversclub.de\/wp-content\/uploads\/2021\/12\/front-premium-shirt-f8f8f8-1116x.png 1116w\" sizes=\"(max-width: 965px) 100vw, 965px\" \/><\/figure><\/li><li class=\"blocks-gallery-item\"><figure><img loading=\"lazy\" width=\"965\" height=\"1024\" src=\"http:\/\/cologneloversclub.de\/wp-content\/uploads\/2021\/12\/front-ladies-premium-shirt-f8f8f8-1116x-965x1024.png\" alt=\"\" data-id=\"57\" data-full-url=\"http:\/\/cologneloversclub.de\/wp-content\/uploads\/2021\/12\/front-ladies-premium-shirt-f8f8f8-1116x.png\" data-link=\"http:\/\/cologneloversclub.de\/?attachment_id=57\" class=\"wp-image-57\" srcset=\"https:\/\/cologneloversclub.de\/wp-content\/uploads\/2021\/12\/front-ladies-premium-shirt-f8f8f8-1116x-965x1024.png 965w, https:\/\/cologneloversclub.de\/wp-content\/uploads\/2021\/12\/front-ladies-premium-shirt-f8f8f8-1116x-283x300.png 283w, https:\/\/cologneloversclub.de\/wp-content\/uploads\/2021\/12\/front-ladies-premium-shirt-f8f8f8-1116x-768x815.png 768w, https:\/\/cologneloversclub.de\/wp-content\/uploads\/2021\/12\/front-ladies-premium-shirt-f8f8f8-1116x.png 1116w\" sizes=\"(max-width: 965px) 100vw, 965px\" \/><\/figure><\/li><li class=\"blocks-gallery-item\"><figure><img loading=\"lazy\" width=\"965\" height=\"1024\" src=\"http:\/\/cologneloversclub.de\/wp-content\/uploads\/2021\/12\/front-organic-sweatshirt-c2c1c0-1116x-965x1024.png\" alt=\"\" data-id=\"59\" data-full-url=\"http:\/\/cologneloversclub.de\/wp-content\/uploads\/2021\/12\/front-organic-sweatshirt-c2c1c0-1116x.png\" data-link=\"http:\/\/cologneloversclub.de\/?attachment_id=59\" class=\"wp-image-59\" srcset=\"https:\/\/cologneloversclub.de\/wp-content\/uploads\/2021\/12\/front-organic-sweatshirt-c2c1c0-1116x-965x1024.png 965w, https:\/\/cologneloversclub.de\/wp-content\/uploads\/2021\/12\/front-organic-sweatshirt-c2c1c0-1116x-283x300.png 283w, https:\/\/cologneloversclub.de\/wp-content\/uploads\/2021\/12\/front-organic-sweatshirt-c2c1c0-1116x-768x815.png 768w, https:\/\/cologneloversclub.de\/wp-content\/uploads\/2021\/12\/front-organic-sweatshirt-c2c1c0-1116x.png 1116w\" sizes=\"(max-width: 965px) 100vw, 965px\" \/><\/figure><\/li><li class=\"blocks-gallery-item\"><figure><img loading=\"lazy\" width=\"965\" height=\"1024\" src=\"http:\/\/cologneloversclub.de\/wp-content\/uploads\/2021\/12\/front-ladies-organic-sweatshirt-c2c1c0-1116x-965x1024.png\" alt=\"\" data-id=\"60\" data-full-url=\"http:\/\/cologneloversclub.de\/wp-content\/uploads\/2021\/12\/front-ladies-organic-sweatshirt-c2c1c0-1116x.png\" data-link=\"http:\/\/cologneloversclub.de\/?attachment_id=60\" class=\"wp-image-60\" srcset=\"https:\/\/cologneloversclub.de\/wp-content\/uploads\/2021\/12\/front-ladies-organic-sweatshirt-c2c1c0-1116x-965x1024.png 965w, https:\/\/cologneloversclub.de\/wp-content\/uploads\/2021\/12\/front-ladies-organic-sweatshirt-c2c1c0-1116x-283x300.png 283w, https:\/\/cologneloversclub.de\/wp-content\/uploads\/2021\/12\/front-ladies-organic-sweatshirt-c2c1c0-1116x-768x815.png 768w, https:\/\/cologneloversclub.de\/wp-content\/uploads\/2021\/12\/front-ladies-organic-sweatshirt-c2c1c0-1116x.png 1116w\" sizes=\"(max-width: 965px) 100vw, 965px\" \/><\/figure><\/li><li class=\"blocks-gallery-item\"><figure><img loading=\"lazy\" width=\"965\" height=\"1024\" src=\"http:\/\/cologneloversclub.de\/wp-content\/uploads\/2021\/12\/front-organic-hoodie-c2c1c0-1116x-965x1024.png\" alt=\"\" data-id=\"56\" data-full-url=\"http:\/\/cologneloversclub.de\/wp-content\/uploads\/2021\/12\/front-organic-hoodie-c2c1c0-1116x.png\" data-link=\"http:\/\/cologneloversclub.de\/?attachment_id=56\" class=\"wp-image-56\" srcset=\"https:\/\/cologneloversclub.de\/wp-content\/uploads\/2021\/12\/front-organic-hoodie-c2c1c0-1116x-965x1024.png 965w, https:\/\/cologneloversclub.de\/wp-content\/uploads\/2021\/12\/front-organic-hoodie-c2c1c0-1116x-283x300.png 283w, https:\/\/cologneloversclub.de\/wp-content\/uploads\/2021\/12\/front-organic-hoodie-c2c1c0-1116x-768x815.png 768w, https:\/\/cologneloversclub.de\/wp-content\/uploads\/2021\/12\/front-organic-hoodie-c2c1c0-1116x.png 1116w\" sizes=\"(max-width: 965px) 100vw, 965px\" \/><\/figure><\/li><\/ul><\/figure>\n\n\n\n<div class=\"wp-block-buttons is-content-justification-center\">\n<div class=\"wp-block-button\"><a class=\"wp-block-button__link has-secondary-background-color has-background\" href=\"https:\/\/www.seedshirt.de\/shop\/heimat\/cologne-lovers-club\" target=\"_blank\" rel=\"noreferrer noopener\">ZUM SHOP<\/a><\/div>\n<\/div>\n\n\n\n<div style=\"height:60px\" aria-hidden=\"true\" class=\"wp-block-spacer\"><\/div>\n\n\n\n<div class=\"wp-block-group alignfull has-background\" style=\"background-color:#ededed\"><div class=\"wp-block-group__inner-container\">\n<div class=\"wp-block-columns alignwide\">\n<div class=\"wp-block-column\">\n<div style=\"height:100px\" aria-hidden=\"true\" class=\"wp-block-spacer\"><\/div>\n\n\n\n<h6 class=\"has-text-color\" style=\"color:#000000\">WARUM?<\/h6>\n\n\n\n<p class=\"has-text-color\" style=\"color:#000000;font-size:5vw;line-height:1.1\"><strong>Das was uns Inspiriert.<\/strong><\/p>\n\n\n\n<div style=\"height:5px\" aria-hidden=\"true\" class=\"wp-block-spacer\"><\/div>\n<\/div>\n<\/div>\n\n\n\n<div class=\"wp-block-columns alignwide\">\n<div class=\"wp-block-column\" style=\"flex-basis:33.38%\">\n<p class=\"has-text-color has-extra-small-font-size\" style=\"color:#000000\">\u201eJeder Jeck ist anders\u201c hei\u00dft es bei uns. Und so haben wir alle unsere<em> <\/em>eigene Verbindung zu K\u00f6ln. Manche sind sehr sch\u00f6n, andere bewegend und wieder andere leider eher traurig. Aber am Ende des Tages ist K\u00f6ln mit allen seinen sch\u00f6nen, rauen, lauten und leisen Seiten eine gro\u00dfartige Stadt, die man nur lieben kann. K\u00f6lle is eben eh Jef\u00f6hl. Und genau dieses Gef\u00fchl wollen wir mit unserem kleinen Label transportieren und die Eigenarten der Stadt und seiner Bewohner*innen feiern.<\/p>\n<\/div>\n\n\n\n<div class=\"wp-block-column\" style=\"flex-basis:33%\">\n<div style=\"height:100px\" aria-hidden=\"true\" class=\"wp-block-spacer\"><\/div>\n\n\n\n<figure class=\"wp-block-image size-full\"><img loading=\"lazy\" width=\"800\" height=\"1000\" src=\"http:\/\/cologneloversclub.de\/wp-content\/uploads\/2021\/12\/clc_website_ueber_hoch.jpg\" alt=\"\" class=\"wp-image-53\" srcset=\"https:\/\/cologneloversclub.de\/wp-content\/uploads\/2021\/12\/clc_website_ueber_hoch.jpg 800w, https:\/\/cologneloversclub.de\/wp-content\/uploads\/2021\/12\/clc_website_ueber_hoch-240x300.jpg 240w, https:\/\/cologneloversclub.de\/wp-content\/uploads\/2021\/12\/clc_website_ueber_hoch-768x960.jpg 768w\" sizes=\"(max-width: 800px) 100vw, 800px\" \/><\/figure>\n<\/div>\n\n\n\n<div class=\"wp-block-column\" style=\"flex-basis:33.62%\">\n<figure class=\"wp-block-image size-full\"><img loading=\"lazy\" width=\"800\" height=\"1000\" src=\"http:\/\/cologneloversclub.de\/wp-content\/uploads\/2021\/12\/clc_website_rheinauhafen_hoch.jpg\" alt=\"\" class=\"wp-image-88\" srcset=\"https:\/\/cologneloversclub.de\/wp-content\/uploads\/2021\/12\/clc_website_rheinauhafen_hoch.jpg 800w, https:\/\/cologneloversclub.de\/wp-content\/uploads\/2021\/12\/clc_website_rheinauhafen_hoch-240x300.jpg 240w, https:\/\/cologneloversclub.de\/wp-content\/uploads\/2021\/12\/clc_website_rheinauhafen_hoch-768x960.jpg 768w\" sizes=\"(max-width: 800px) 100vw, 800px\" \/><\/figure>\n<\/div>\n<\/div>\n\n\n\n<div class=\"wp-block-columns alignwide\">\n<div class=\"wp-block-column\" style=\"flex-basis:70%\">\n<div class=\"wp-block-image is-style-default\"><figure class=\"alignright size-large is-resized\"><img loading=\"lazy\" src=\"http:\/\/cologneloversclub.de\/wp-content\/uploads\/2021\/12\/clc_website_ueber_quer_karneval-1024x614.jpg\" alt=\"\" class=\"wp-image-90\" width=\"708\" height=\"424\" srcset=\"https:\/\/cologneloversclub.de\/wp-content\/uploads\/2021\/12\/clc_website_ueber_quer_karneval-1024x614.jpg 1024w, https:\/\/cologneloversclub.de\/wp-content\/uploads\/2021\/12\/clc_website_ueber_quer_karneval-300x180.jpg 300w, https:\/\/cologneloversclub.de\/wp-content\/uploads\/2021\/12\/clc_website_ueber_quer_karneval-768x461.jpg 768w, https:\/\/cologneloversclub.de\/wp-content\/uploads\/2021\/12\/clc_website_ueber_quer_karneval-1536x922.jpg 1536w, https:\/\/cologneloversclub.de\/wp-content\/uploads\/2021\/12\/clc_website_ueber_quer_karneval-1568x941.jpg 1568w, https:\/\/cologneloversclub.de\/wp-content\/uploads\/2021\/12\/clc_website_ueber_quer_karneval.jpg 2000w\" sizes=\"(max-width: 708px) 100vw, 708px\" \/><\/figure><\/div>\n<\/div>\n\n\n\n<div class=\"wp-block-column is-vertically-aligned-center\" style=\"flex-basis:33%\">\n<p>Unser Ziel ist Bekleidung aus hochwertigen Materialen anzubieten und dabei so gut wie m\u00f6glich auf die Nachhaltigkeit zu achten. Darum sind alle unsere Produkte auf Schadstoffe getestet und die Sweatshirts und Hoodies sogar aus Bio-Baumwolle und recyceltem Polyester hergestellt.<br>So schaffen wir den Spagat zwischen Preis\/Leistung, Haltbarkeit, Tragekomfort und Unbedenklichkeit.<\/p>\n<\/div>\n<\/div>\n\n\n\n<div class=\"wp-block-buttons is-content-justification-right\">\n<div class=\"wp-block-button\"><a class=\"wp-block-button__link has-secondary-background-color has-background\" href=\"http:\/\/cologneloversclub.de\/?page_id=9\">MEHR<\/a><\/div>\n<\/div>\n<\/div><\/div>\n\n\n\n<div class=\"wp-block-cover alignfull has-background-dim\" style=\"background-color:#ffffff;min-height:548px\"><div class=\"wp-block-cover__inner-container\">\n<div class=\"wp-block-media-text alignwide is-stacked-on-mobile is-vertically-aligned-top\" style=\"grid-template-columns:36% auto\"><figure class=\"wp-block-media-text__media\"><img loading=\"lazy\" width=\"819\" height=\"1024\" src=\"http:\/\/cologneloversclub.de\/wp-content\/uploads\/2021\/12\/clc_website_motive_klein-819x1024.jpg\" alt=\"\" class=\"wp-image-162 size-full\" srcset=\"https:\/\/cologneloversclub.de\/wp-content\/uploads\/2021\/12\/clc_website_motive_klein-819x1024.jpg 819w, https:\/\/cologneloversclub.de\/wp-content\/uploads\/2021\/12\/clc_website_motive_klein-240x300.jpg 240w, https:\/\/cologneloversclub.de\/wp-content\/uploads\/2021\/12\/clc_website_motive_klein-768x960.jpg 768w, https:\/\/cologneloversclub.de\/wp-content\/uploads\/2021\/12\/clc_website_motive_klein.jpg 1200w\" sizes=\"(max-width: 819px) 100vw, 819px\" \/><\/figure><div class=\"wp-block-media-text__content\">\n<h2 class=\"has-text-color\" style=\"color:#000000;font-size:32px\"><strong>UNSERE MOTIVE<\/strong><\/h2>\n\n\n\n<p class=\"has-text-color\" style=\"color:#000000;font-size:17px\">Alle unsere Motive haben einen Bezug zu K\u00f6ln, manche \u00f6ffensichtlicher und das ein oder andere vielleicht auch \u00fcber Umwege. Diese werden wir mit der Zeit erweitern und austauschen. Die Produktion im Print-on-Demand Verfahren l\u00e4sst uns hier ziemlich flexibel agieren. Seit also gespannt was uns so einfallt und schaut regelm\u00e4\u00dfig vorbei.<\/p>\n\n\n\n<div class=\"wp-block-buttons\">\n<div class=\"wp-block-button is-style-fill\"><a class=\"wp-block-button__link has-secondary-background-color has-background\" href=\"http:\/\/cologneloversclub.de\/?page_id=10\">MEHR<\/a><\/div>\n<\/div>\n<\/div><\/div>\n\n\n\n<p><\/p>\n<\/div><\/div>\n\n\n\n<div class=\"wp-block-cover alignfull has-background-dim\" style=\"background-color:#ffffff;min-height:540px\"><div class=\"wp-block-cover__inner-container\">\n<div class=\"wp-block-media-text alignwide has-media-on-the-right is-stacked-on-mobile is-vertically-aligned-center\" style=\"grid-template-columns:auto 40%\"><figure class=\"wp-block-media-text__media\"><img loading=\"lazy\" width=\"800\" height=\"1000\" src=\"http:\/\/cologneloversclub.de\/wp-content\/uploads\/2021\/12\/clc_website_produktion_hoch.jpg\" alt=\"\" class=\"wp-image-66 size-full\" srcset=\"https:\/\/cologneloversclub.de\/wp-content\/uploads\/2021\/12\/clc_website_produktion_hoch.jpg 800w, https:\/\/cologneloversclub.de\/wp-content\/uploads\/2021\/12\/clc_website_produktion_hoch-240x300.jpg 240w, https:\/\/cologneloversclub.de\/wp-content\/uploads\/2021\/12\/clc_website_produktion_hoch-768x960.jpg 768w\" sizes=\"(max-width: 800px) 100vw, 800px\" \/><\/figure><div class=\"wp-block-media-text__content\">\n<h2 class=\"has-text-color\" style=\"color:#000000;font-size:32px\"><strong>PRODUKTION<\/strong><\/h2>\n\n\n\n<p class=\"has-text-color\" style=\"color:#000000;font-size:17px\">Noch haben wir unsere Produktion an einen Dienstleister ausgelagert und produzieren im Print-on-Demand Verfahren. Hei\u00dft, sobald du deine Bestellung abschickst, werden in der Produktion die Druckmaschinen angeschmissen. F\u00fcr uns bedeutet das, dass wir nicht direkt Haus und Hof f\u00fcr Lagerbestand versetzen m\u00fcssen, dir aber trotzdem eine gewisse Auswahl an Produkten anbieten k\u00f6nnen. F\u00fcr dich bedeutet es eine gewisse Exklusivit\u00e4t. Und ganz nebenbei wird auch so auch noch die Umwelt geschont.<\/p>\n\n\n\n<div class=\"wp-block-buttons\">\n<div class=\"wp-block-button is-style-fill\"><a class=\"wp-block-button__link has-secondary-background-color has-background\" href=\"http:\/\/cologneloversclub.de\/?page_id=15\">MEHR<\/a><\/div>\n<\/div>\n<\/div><\/div>\n<\/div><\/div>\n\n\n\n<div style=\"height:60px\" aria-hidden=\"true\" class=\"wp-block-spacer\"><\/div>\n\n\n\n<div class=\"wp-block-group alignfull has-background-color has-foreground-background-color has-text-color has-background\"><div class=\"wp-block-group__inner-container\">\n<div class=\"wp-block-columns\">\n<div class=\"wp-block-column\"><\/div>\n\n\n\n<div class=\"wp-block-column\">\n<div class=\"wp-block-image is-style-default\"><figure class=\"aligncenter size-full is-resized\"><img loading=\"lazy\" src=\"http:\/\/cologneloversclub.de\/wp-content\/uploads\/2021\/12\/Logo-CLC-300x240px-weis.png\" alt=\"\" class=\"wp-image-196\" width=\"75\" height=\"60\"\/><\/figure><\/div>\n<\/div>\n\n\n\n<div class=\"wp-block-column\"><\/div>\n<\/div>\n<\/div><\/div>\n\n\n\n<p><\/p>\n","protected":false},"excerpt":{"rendered":"<p>&#8211; Wenn mer nit dat h\u00e4t wat mer j\u00e4n h\u00e4tt, muss mer dat j\u00e4n han, wat mer h\u00e4tt! &#8211; WARUM? Das was uns Inspiriert. \u201eJeder Jeck ist anders\u201c hei\u00dft es bei uns. Und so haben wir alle unsere eigene Verbindung zu K\u00f6ln. Manche sind sehr sch\u00f6n, andere bewegend und wieder andere leider eher traurig. Aber<a class=\"more-link\" href=\"https:\/\/cologneloversclub.de\/\"> weiterlesen<\/a><\/p>\n","protected":false},"author":1,"featured_media":0,"parent":0,"menu_order":0,"comment_status":"closed","ping_status":"closed","template":"","meta":[],"_links":{"self":[{"href":"https:\/\/cologneloversclub.de\/index.php?rest_route=\/wp\/v2\/pages\/41"}],"collection":[{"href":"https:\/\/cologneloversclub.de\/index.php?rest_route=\/wp\/v2\/pages"}],"about":[{"href":"https:\/\/cologneloversclub.de\/index.php?rest_route=\/wp\/v2\/types\/page"}],"author":[{"embeddable":true,"href":"https:\/\/cologneloversclub.de\/index.php?rest_route=\/wp\/v2\/users\/1"}],"replies":[{"embeddable":true,"href":"https:\/\/cologneloversclub.de\/index.php?rest_route=%2Fwp%2Fv2%2Fcomments&post=41"}],"version-history":[{"count":50,"href":"https:\/\/cologneloversclub.de\/index.php?rest_route=\/wp\/v2\/pages\/41\/revisions"}],"predecessor-version":[{"id":197,"href":"https:\/\/cologneloversclub.de\/index.php?rest_route=\/wp\/v2\/pages\/41\/revisions\/197"}],"wp:attachment":[{"href":"https:\/\/cologneloversclub.de\/index.php?rest_route=%2Fwp%2Fv2%2Fmedia&parent=41"}],"curies":[{"name":"wp","href":"https:\/\/api.w.org\/{rel}","templated":true}]}}