{"id":15,"date":"2021-12-02T16:22:50","date_gmt":"2021-12-02T16:22:50","guid":{"rendered":"http:\/\/cologneloversclub.de\/?page_id=15"},"modified":"2021-12-22T18:50:14","modified_gmt":"2021-12-22T18:50:14","slug":"print-on-demand","status":"publish","type":"page","link":"https:\/\/cologneloversclub.de\/?page_id=15","title":{"rendered":"PRINT-ON-DEMAND"},"content":{"rendered":"\n<div style=\"height:60px\" aria-hidden=\"true\" class=\"wp-block-spacer\"><\/div>\n\n\n\n<p>Print-on-Demand bedeutet Drucken auf Abruf. Sobald du deine Bestellung abschickst, werden also in der Produktion die Druckmaschinen angeschmissen. F\u00fcr uns bedeutet das, dass wir nicht direkt Haus und Hof f\u00fcr Lagerbestand versetzen m\u00fcssen und trotzdem eine gewisse Auswahl an Produkten anbieten k\u00f6nnen. F\u00fcr dich bedeutet es ein wenig Exklusivit\u00e4t.<\/p>\n\n\n\n<p>Aufgrund des Verfahrens liegt die Lieferzeit in Ausnahmef\u00e4llen leider bei bis zu 10 Tagen und die Lieferkosten durch den Dienstleister sind etwas h\u00f6her als vielleicht gewohnt. Mit dem l\u00e4chelnden Online-Giganten k\u00f6nnen wir da als kleine Marke leider nicht mithalten. Ab einem Bestellwert von 65 Euro bieten wir aber kostenfreien Versand an. <\/p>\n\n\n\n<p>Bitte schau auch genau auf die Gr\u00f6\u00dfen, um unn\u00f6tige R\u00fccksendungen f\u00fcr beide Seiten zu vermeiden. Da jedes Produkt speziell f\u00fcr den K\u00e4ufer hergestellt wird, kann zur\u00fcckgegebene Ware <em><strong>nicht<\/strong><\/em> wie im konventionellen Versandhandel einfach gelagert und weiterverkauft werden. Daher ist ein Umtausch oder eine R\u00fcckgabe grunds\u00e4tzlich nur in Ausnahmef\u00e4llen m\u00f6glich.<\/p>\n\n\n\n<p><strong>Hinweis<\/strong>: Bitte keine Bestellungen eigenm\u00e4chtig retourieren!<\/p>\n\n\n\n<p>R\u00fccksendungen jeglicher Art bed\u00fcrfen einer vorherigen Absprache mit dem Support, daher liegt deiner Sendung auch kein R\u00fccksendeetikett bei.&nbsp;In Reklamationsf\u00e4llen folgt meist zun\u00e4chst eine \u00dcberpr\u00fcfung durch den Dienstleister anhand von Fotos, die du zusendest.<\/p>\n\n\n\n<p>Wir w\u00fcrden uns auf jeden Fall freuen, wenn du diesen Weg von Anfang an mit uns gehst und uns auf der Reise zu neuen Zielen begleitest. Wer wei\u00df wie sich das Ganze entwickelt, Ideen haben wir definitiv viele.<\/p>\n\n\n\n<div class=\"wp-block-cover alignfull has-background-dim\" style=\"background-color:#ffffff;min-height:560px\"><div class=\"wp-block-cover__inner-container\">\n<div class=\"wp-block-media-text alignwide is-stacked-on-mobile is-vertically-aligned-center is-image-fill\" style=\"grid-template-columns:45% auto\"><figure class=\"wp-block-media-text__media\" style=\"background-image:url(http:\/\/cologneloversclub.de\/wp-content\/uploads\/2021\/12\/clc_website_produktion_hoch.jpg);background-position:50% 50%\"><img loading=\"lazy\" width=\"800\" height=\"1000\" src=\"http:\/\/cologneloversclub.de\/wp-content\/uploads\/2021\/12\/clc_website_produktion_hoch.jpg\" alt=\"\" class=\"wp-image-66 size-full\" srcset=\"https:\/\/cologneloversclub.de\/wp-content\/uploads\/2021\/12\/clc_website_produktion_hoch.jpg 800w, https:\/\/cologneloversclub.de\/wp-content\/uploads\/2021\/12\/clc_website_produktion_hoch-240x300.jpg 240w, https:\/\/cologneloversclub.de\/wp-content\/uploads\/2021\/12\/clc_website_produktion_hoch-768x960.jpg 768w\" sizes=\"(max-width: 800px) 100vw, 800px\" \/><\/figure><div class=\"wp-block-media-text__content\">\n<h2 class=\"has-text-color\" style=\"color:#000000;font-size:32px\"><strong>Wie funktioniert das genau?<\/strong><\/h2>\n\n\n\n<p class=\"has-text-color\" style=\"color:#000000;font-size:17px\">Die Motive werden mit Hilfe eines professionellen Textildruckers direkt in das Gewebe der Kleidungsst\u00fccke gedruckt und verbinden sich mit den Fasern. So lassen sich individuell hochwertige Drucke ohne gro\u00dfen Aufwand produzieren. Und ganz nebenbei wird auch noch die Umwelt geschont, da unsere Produkte ausschlie\u00dflich auf Bestellung produziert werden.<\/p>\n\n\n\n<div class=\"wp-block-buttons\">\n<div class=\"wp-block-button is-style-fill\"><a class=\"wp-block-button__link has-secondary-background-color has-background\" href=\"https:\/\/www.seedshirt.de\/shop\/heimat\/cologne-lovers-club\" target=\"_blank\" rel=\"noreferrer noopener\">ZUM SHOP<\/a><\/div>\n<\/div>\n<\/div><\/div>\n<\/div><\/div>\n\n\n\n<div class=\"wp-block-group alignfull has-background-color has-foreground-background-color has-text-color has-background\"><div class=\"wp-block-group__inner-container\">\n<div class=\"wp-block-image is-style-default\"><figure class=\"aligncenter size-full is-resized\"><img loading=\"lazy\" src=\"http:\/\/cologneloversclub.de\/wp-content\/uploads\/2021\/12\/Logo-CLC-300x240px-weis.png\" alt=\"\" class=\"wp-image-196\" width=\"75\" height=\"60\"\/><\/figure><\/div>\n<\/div><\/div>\n\n\n\n<p><\/p>\n","protected":false},"excerpt":{"rendered":"<p>Print-on-Demand bedeutet Drucken auf Abruf. Sobald du deine Bestellung abschickst, werden also in der Produktion die Druckmaschinen angeschmissen. F\u00fcr uns bedeutet das, dass wir nicht direkt Haus und Hof f\u00fcr Lagerbestand versetzen m\u00fcssen und trotzdem eine gewisse Auswahl an Produkten anbieten k\u00f6nnen. F\u00fcr dich bedeutet es ein wenig Exklusivit\u00e4t. Aufgrund des Verfahrens liegt die Lieferzeit<a class=\"more-link\" href=\"https:\/\/cologneloversclub.de\/?page_id=15\"><span class=\"screen-reader-text\">&#8220;PRINT-ON-DEMAND&#8221;<\/span> weiterlesen<\/a><\/p>\n","protected":false},"author":1,"featured_media":0,"parent":0,"menu_order":0,"comment_status":"closed","ping_status":"closed","template":"","meta":[],"_links":{"self":[{"href":"https:\/\/cologneloversclub.de\/index.php?rest_route=\/wp\/v2\/pages\/15"}],"collection":[{"href":"https:\/\/cologneloversclub.de\/index.php?rest_route=\/wp\/v2\/pages"}],"about":[{"href":"https:\/\/cologneloversclub.de\/index.php?rest_route=\/wp\/v2\/types\/page"}],"author":[{"embeddable":true,"href":"https:\/\/cologneloversclub.de\/index.php?rest_route=\/wp\/v2\/users\/1"}],"replies":[{"embeddable":true,"href":"https:\/\/cologneloversclub.de\/index.php?rest_route=%2Fwp%2Fv2%2Fcomments&post=15"}],"version-history":[{"count":9,"href":"https:\/\/cologneloversclub.de\/index.php?rest_route=\/wp\/v2\/pages\/15\/revisions"}],"predecessor-version":[{"id":201,"href":"https:\/\/cologneloversclub.de\/index.php?rest_route=\/wp\/v2\/pages\/15\/revisions\/201"}],"wp:attachment":[{"href":"https:\/\/cologneloversclub.de\/index.php?rest_route=%2Fwp%2Fv2%2Fmedia&parent=15"}],"curies":[{"name":"wp","href":"https:\/\/api.w.org\/{rel}","templated":true}]}}