{"id":14,"date":"2021-12-02T16:22:50","date_gmt":"2021-12-02T16:22:50","guid":{"rendered":"http:\/\/cologneloversclub.de\/?page_id=14"},"modified":"2021-12-22T18:50:39","modified_gmt":"2021-12-22T18:50:39","slug":"versand","status":"publish","type":"page","link":"https:\/\/cologneloversclub.de\/?page_id=14","title":{"rendered":"VERSAND"},"content":{"rendered":"\n<h5 class=\"has-text-align-center\">Durch den Dienstleister Seedshirt<\/h5>\n\n\n\n<div style=\"height:50px\" aria-hidden=\"true\" class=\"wp-block-spacer\"><\/div>\n\n\n\n<h5>Lieferzeit<\/h5>\n\n\n\n<p>Grunds\u00e4tzlich setzt sich die <em>Lieferzeit<\/em> aus der <em>Produktions<\/em>&#8211; und <em>Versandlaufzeit<\/em> zusammen, da jede Bestellung individuell produziert wird. F\u00fcr gew\u00f6hnlich ben\u00f6tigt Seedshirt nach Bestelleingang f\u00fcr <em>Druck und Fulfillment<\/em> ca. 1-5 Werktage (im Schnitt: 3 Werktage). Die <em>Versandlaufzeit<\/em> betr\u00e4gt zus\u00e4tzlich etwa 1-2 Werktage (in Deutschland) bzw. 2-5 Werktage (au\u00dferhalb Deutschlands, EU-weit). <\/p>\n\n\n\n<p>Hinsichtlich der Werktage<strong> <\/strong>gilt es, Folgendes zu beachten: Bei Seedshirt gelten die Tage Montag bis Freitag als Werktage.&nbsp;<\/p>\n\n\n\n<h5>Versandkosten<\/h5>\n\n\n\n<p>Die H\u00f6he der Versand- und Handlingkosten ist von der Anzahl der bestellten Produkte und vom Lieferland abh\u00e4ngig.<br><br><strong>Shirts<\/strong><br>DE: 4,50 \u20ac (+ 1,65 \u20ac f\u00fcr jedes weitere Produkt)<br>EU &amp; Welt: 4,95 \u20ac (+ 2,00 \u20ac f\u00fcr jedes weitere Produkt)<\/p>\n\n\n\n<p><strong>Sweatshirts\/Hoodies<\/strong><br>DE: 5,50 \u20ac (+ 1,65 \u20ac f\u00fcr jedes weitere Produkt)<br>EU &amp; Welt: 7,95 \u20ac (+ 2,00 \u20ac f\u00fcr jedes weitere Produkt)<\/p>\n\n\n\n<p>Ab einem Bestellwert von 70 \u20ac \u00fcbernehmen wir die Versandkosten.<\/p>\n\n\n\n<h5>Sendungsverfolgung<\/h5>\n\n\n\n<p>Seedshirt bieten eine Sendungsverfolgung bei einer Bestellung mit mehreren Produkten an. Bei einer Einzelbestellung kannst du den Status deiner Sendung leider nicht direkt einsehen.<\/p>\n\n\n\n<p>Sollte sich der Status deiner Sendung nicht aktualisieren oder du nach der Versandmail deine Bestellung nicht zeitnahe erhalten, wende dich einfach an den Support von Seedshirt. Sie kl\u00e4ren die Angelegenheit mit dem Versandunternehmen und halten dich auf dem Laufenden!<\/p>\n\n\n\n<div style=\"height:60px\" aria-hidden=\"true\" class=\"wp-block-spacer\"><\/div>\n\n\n\n<div class=\"wp-block-group alignfull has-background-color has-foreground-background-color has-text-color has-background\"><div class=\"wp-block-group__inner-container\">\n<div class=\"wp-block-image is-style-default\"><figure class=\"aligncenter size-full is-resized\"><img loading=\"lazy\" src=\"http:\/\/cologneloversclub.de\/wp-content\/uploads\/2021\/12\/Logo-CLC-300x240px-weis.png\" alt=\"\" class=\"wp-image-196\" width=\"75\" height=\"60\"\/><\/figure><\/div>\n<\/div><\/div>\n\n\n\n<p><\/p>\n","protected":false},"excerpt":{"rendered":"<p>Durch den Dienstleister Seedshirt Lieferzeit Grunds\u00e4tzlich setzt sich die Lieferzeit aus der Produktions&#8211; und Versandlaufzeit zusammen, da jede Bestellung individuell produziert wird. F\u00fcr gew\u00f6hnlich ben\u00f6tigt Seedshirt nach Bestelleingang f\u00fcr Druck und Fulfillment ca. 1-5 Werktage (im Schnitt: 3 Werktage). Die Versandlaufzeit betr\u00e4gt zus\u00e4tzlich etwa 1-2 Werktage (in Deutschland) bzw. 2-5 Werktage (au\u00dferhalb Deutschlands, EU-weit). Hinsichtlich<a class=\"more-link\" href=\"https:\/\/cologneloversclub.de\/?page_id=14\"><span class=\"screen-reader-text\">&#8220;VERSAND&#8221;<\/span> weiterlesen<\/a><\/p>\n","protected":false},"author":1,"featured_media":0,"parent":0,"menu_order":0,"comment_status":"closed","ping_status":"closed","template":"","meta":[],"_links":{"self":[{"href":"https:\/\/cologneloversclub.de\/index.php?rest_route=\/wp\/v2\/pages\/14"}],"collection":[{"href":"https:\/\/cologneloversclub.de\/index.php?rest_route=\/wp\/v2\/pages"}],"about":[{"href":"https:\/\/cologneloversclub.de\/index.php?rest_route=\/wp\/v2\/types\/page"}],"author":[{"embeddable":true,"href":"https:\/\/cologneloversclub.de\/index.php?rest_route=\/wp\/v2\/users\/1"}],"replies":[{"embeddable":true,"href":"https:\/\/cologneloversclub.de\/index.php?rest_route=%2Fwp%2Fv2%2Fcomments&post=14"}],"version-history":[{"count":6,"href":"https:\/\/cologneloversclub.de\/index.php?rest_route=\/wp\/v2\/pages\/14\/revisions"}],"predecessor-version":[{"id":202,"href":"https:\/\/cologneloversclub.de\/index.php?rest_route=\/wp\/v2\/pages\/14\/revisions\/202"}],"wp:attachment":[{"href":"https:\/\/cologneloversclub.de\/index.php?rest_route=%2Fwp%2Fv2%2Fmedia&parent=14"}],"curies":[{"name":"wp","href":"https:\/\/api.w.org\/{rel}","templated":true}]}}