{"id":13,"date":"2021-12-02T16:22:50","date_gmt":"2021-12-02T16:22:50","guid":{"rendered":"http:\/\/cologneloversclub.de\/?page_id=13"},"modified":"2021-12-22T18:48:56","modified_gmt":"2021-12-22T18:48:56","slug":"impressum","status":"publish","type":"page","link":"https:\/\/cologneloversclub.de\/?page_id=13","title":{"rendered":"IMPRESSUM"},"content":{"rendered":"\n<div style=\"height:60px\" aria-hidden=\"true\" class=\"wp-block-spacer\"><\/div>\n\n\n\n<h5>Angaben gem\u00e4\u00df \u00a7 5 TMG:<\/h5>\n\n\n\n<p>Dominik Empl<br>Cologne Lovers Club<br>Titusstr. 2<br>50678 K\u00f6ln<\/p>\n\n\n\n<h5>Kontakt:<\/h5>\n\n\n\n<p>Telefon: +49&nbsp;(0) 221 \/ 169 07 93<br>E-Mail: <a href=\"mailto:hi@cologneloversclub.de\">hi@cologneloversclub.de<\/a><\/p>\n\n\n\n<h5>Umsatzsteuer:<\/h5>\n\n\n\n<p>Umsatzsteuer-Identifikationsnummer gem\u00e4\u00df \u00a727 a Umsatzsteuergesetz:<br>DE84081367293<\/p>\n\n\n\n<h5>Verantwortlich f\u00fcr den Inhalt nach \u00a7 55 Abs. 2 RStV:<\/h5>\n\n\n\n<p>Dominik Empl<br>(Anschrift s.o.)<\/p>\n\n\n\n<h5>Streitschlichtung<\/h5>\n\n\n\n<p>Die Europ\u00e4ische Kommission stellt eine&nbsp;Plattform zur Online-Streitbeilegung (OS) bereit: <a href=\"https:\/\/ec.europa.eu\/consumers\/odr\" target=\"_blank\" rel=\"noreferrer noopener\">https:\/\/ec.europa.eu\/consumers\/odr<\/a>.<\/p>\n\n\n\n<p>Unsere E-Mail-Adresse finden Sie oben&nbsp;im Impressum.<\/p>\n\n\n\n<p>Wir sind nicht bereit oder verpflichtet, an Streitbeilegungsverfahren vor einer<br>Verbraucherschlichtungsstelle teilzunehmen.<\/p>\n\n\n\n<h5>Haftung f\u00fcr Inhalte<\/h5>\n\n\n\n<p>Als&nbsp;Diensteanbieter sind wir gem\u00e4\u00df \u00a7 7 Abs.1 TMG f\u00fcr eigene Inhalte auf diesen Seiten<br>nach den allgemeinen Gesetzen verantwortlich. Nach \u00a7\u00a7 8 bis 10 TMG sind wir als<br>Diensteanbieter jedoch nicht verpflichtet, \u00fcbermittelte oder gespeicherte fremde Informationen zu \u00fcberwachen oder nach Umst\u00e4nden zu forschen, die auf eine rechtswidrige T\u00e4tigkeit hinweisen.<\/p>\n\n\n\n<p>Verpflichtungen zur Entfernung oder Sperrung der Nutzung von Informationen nach<br>den allgemeinen Gesetzen bleiben hiervon unber\u00fchrt. Eine diesbez\u00fcgliche Haftung ist jedoch erst ab dem Zeitpunkt der Kenntnis einer konkreten Rechtsverletzung m\u00f6glich. Bei Bekanntwerden von entsprechenden Rechtsverletzungen werden wir diese Inhalte umgehend entfernen.<\/p>\n\n\n\n<h5>Haftung f\u00fcr Links<\/h5>\n\n\n\n<p>Unser Angebot enth\u00e4lt Links zu externen Websites Dritter, auf&nbsp;deren Inhalte wir keinen Einfluss haben. Deshalb k\u00f6nnen wir f\u00fcr diese fremden Inhalte auch&nbsp;keine Gew\u00e4hr \u00fcbernehmen. F\u00fcr die Inhalte der verlinkten Seiten ist stets der jeweilige&nbsp;Anbieter oder Betreiber der Seiten verantwortlich. Die verlinkten Seiten wurden zum Zeitpunkt der&nbsp;Verlinkung auf m\u00f6gliche Rechtsverst\u00f6\u00dfe \u00fcberpr\u00fcft. Rechtswidrige Inhalte&nbsp;waren zum Zeitpunkt der Verlinkung nicht erkennbar.<\/p>\n\n\n\n<p>Eine permanente inhaltliche Kontrolle der&nbsp;verlinkten Seiten ist jedoch ohne konkrete Anhaltspunkte einer Rechtsverletzung nicht zumutbar. Bei&nbsp;Bekanntwerden von Rechtsverletzungen werden wir derartige Links umgehend entfernen.<\/p>\n\n\n\n<h5>Urheberrecht<\/h5>\n\n\n\n<p>Die durch die Seitenbetreiber erstellten Inhalte und Werke auf diesen Seiten&nbsp;unterliegen dem deutschen Urheberrecht. Die Vervielf\u00e4ltigung, Bearbeitung, Verbreitung und jede&nbsp;Art der Verwertung au\u00dferhalb der Grenzen des Urheberrechtes bed\u00fcrfen der schriftlichen&nbsp;Zustimmung des jeweiligen Autors bzw. Erstellers. Downloads und Kopien dieser Seite sind nur f\u00fcr&nbsp;den privaten, nicht kommerziellen Gebrauch gestattet.<\/p>\n\n\n\n<p>Soweit die Inhalte auf dieser Seite nicht&nbsp;vom Betreiber erstellt wurden, werden die Urheberrechte Dritter beachtet. Insbesondere werden Inhalte&nbsp;Dritter als solche gekennzeichnet. Sollten Sie trotzdem auf eine Urheberrechtsverletzung aufmerksam&nbsp;werden, bitten wir um einen entsprechenden Hinweis. Bei Bekanntwerden von Rechtsverletzungen&nbsp;werden wir derartige Inhalte umgehend entfernen.<\/p>\n\n\n\n<h5>Verantwortlicher f\u00fcr Produktion und Shop<\/h5>\n\n\n\n<p>Shirtigo GmbH<br>Siemensstra\u00dfe 2<br>D-50354 H\u00fcrth<br>(kein Ladenlokal)<\/p>\n\n\n\n<p>E-Mail: <a href=\"mailto:info@seedshirt.de\">info@seedshirt.de<\/a><\/p>\n\n\n\n<p>Gesch\u00e4ftsf\u00fchrer: Michael Br\u00f6hl<br>Amtsgericht K\u00f6ln, HRB 76935<\/p>\n\n\n\n<p>Inhaltlich Verantwortlicher gem. \u00a7 55 II RStV: Michael Br\u00f6hl<\/p>\n\n\n\n<p>USt-ID: DE286957007<\/p>\n\n\n\n<p>Seedshirt<sup>\u00ae<\/sup> ist eine eingetragene Marke.<br>Seedshirt ist ein Service der Shirtigo GmbH<\/p>\n\n\n\n<h5>Grafische Umsetzung<\/h5>\n\n\n\n<p>K I N D E R V O N E D E N &#8211; B\u00fcro f\u00fcr Medien<br><a href=\"http:\/\/www.kindervoneden.de\">www.kindervoneden.de<\/a><\/p>\n\n\n\n<div style=\"height:60px\" aria-hidden=\"true\" class=\"wp-block-spacer\"><\/div>\n\n\n\n<div class=\"wp-block-group alignfull has-background-color has-foreground-background-color has-text-color has-background\"><div class=\"wp-block-group__inner-container\">\n<div class=\"wp-block-image is-style-default\"><figure class=\"aligncenter size-full is-resized\"><img loading=\"lazy\" src=\"http:\/\/cologneloversclub.de\/wp-content\/uploads\/2021\/12\/Logo-CLC-300x240px-weis.png\" alt=\"\" class=\"wp-image-196\" width=\"75\" height=\"60\"\/><\/figure><\/div>\n<\/div><\/div>\n\n\n\n<p><\/p>\n","protected":false},"excerpt":{"rendered":"<p>Angaben gem\u00e4\u00df \u00a7 5 TMG: Dominik EmplCologne Lovers ClubTitusstr. 250678 K\u00f6ln Kontakt: Telefon: +49&nbsp;(0) 221 \/ 169 07 93E-Mail: hi@cologneloversclub.de Umsatzsteuer: Umsatzsteuer-Identifikationsnummer gem\u00e4\u00df \u00a727 a Umsatzsteuergesetz:DE84081367293 Verantwortlich f\u00fcr den Inhalt nach \u00a7 55 Abs. 2 RStV: Dominik Empl(Anschrift s.o.) Streitschlichtung Die Europ\u00e4ische Kommission stellt eine&nbsp;Plattform zur Online-Streitbeilegung (OS) bereit: https:\/\/ec.europa.eu\/consumers\/odr. Unsere E-Mail-Adresse finden Sie oben&nbsp;im<a class=\"more-link\" href=\"https:\/\/cologneloversclub.de\/?page_id=13\"><span class=\"screen-reader-text\">&#8220;IMPRESSUM&#8221;<\/span> weiterlesen<\/a><\/p>\n","protected":false},"author":1,"featured_media":0,"parent":0,"menu_order":0,"comment_status":"closed","ping_status":"closed","template":"","meta":[],"_links":{"self":[{"href":"https:\/\/cologneloversclub.de\/index.php?rest_route=\/wp\/v2\/pages\/13"}],"collection":[{"href":"https:\/\/cologneloversclub.de\/index.php?rest_route=\/wp\/v2\/pages"}],"about":[{"href":"https:\/\/cologneloversclub.de\/index.php?rest_route=\/wp\/v2\/types\/page"}],"author":[{"embeddable":true,"href":"https:\/\/cologneloversclub.de\/index.php?rest_route=\/wp\/v2\/users\/1"}],"replies":[{"embeddable":true,"href":"https:\/\/cologneloversclub.de\/index.php?rest_route=%2Fwp%2Fv2%2Fcomments&post=13"}],"version-history":[{"count":6,"href":"https:\/\/cologneloversclub.de\/index.php?rest_route=\/wp\/v2\/pages\/13\/revisions"}],"predecessor-version":[{"id":198,"href":"https:\/\/cologneloversclub.de\/index.php?rest_route=\/wp\/v2\/pages\/13\/revisions\/198"}],"wp:attachment":[{"href":"https:\/\/cologneloversclub.de\/index.php?rest_route=%2Fwp%2Fv2%2Fmedia&parent=13"}],"curies":[{"name":"wp","href":"https:\/\/api.w.org\/{rel}","templated":true}]}}